{"id":4,"date":"2018-02-21T12:50:37","date_gmt":"2018-02-21T11:50:37","guid":{"rendered":"http:\/\/hairstore.pl\/blog\/?page_id=4"},"modified":"2018-02-21T13:32:01","modified_gmt":"2018-02-21T12:32:01","slug":"slownik-pojec","status":"publish","type":"page","link":"https:\/\/www.hairstore.pl\/blog\/slownik-pojec\/","title":{"rendered":"S\u0142ownik poj\u0119\u0107"},"content":{"rendered":"","protected":false},"excerpt":{"rendered":"","protected":false},"author":2,"featured_media":0,"parent":0,"menu_order":0,"comment_status":"closed","ping_status":"closed","template":"diary.php","meta":{"footnotes":""},"yst_prominent_words":[],"class_list":["post-4","page","type-page","status-publish","hentry"],"_links":{"self":[{"href":"https:\/\/www.hairstore.pl\/blog\/wp-json\/wp\/v2\/pages\/4","targetHints":{"allow":["GET"]}}],"collection":[{"href":"https:\/\/www.hairstore.pl\/blog\/wp-json\/wp\/v2\/pages"}],"about":[{"href":"https:\/\/www.hairstore.pl\/blog\/wp-json\/wp\/v2\/types\/page"}],"author":[{"embeddable":true,"href":"https:\/\/www.hairstore.pl\/blog\/wp-json\/wp\/v2\/users\/2"}],"replies":[{"embeddable":true,"href":"https:\/\/www.hairstore.pl\/blog\/wp-json\/wp\/v2\/comments?post=4"}],"version-history":[{"count":2,"href":"https:\/\/www.hairstore.pl\/blog\/wp-json\/wp\/v2\/pages\/4\/revisions"}],"predecessor-version":[{"id":6011,"href":"https:\/\/www.hairstore.pl\/blog\/wp-json\/wp\/v2\/pages\/4\/revisions\/6011"}],"wp:attachment":[{"href":"https:\/\/www.hairstore.pl\/blog\/wp-json\/wp\/v2\/media?parent=4"}],"wp:term":[{"taxonomy":"yst_prominent_words","embeddable":true,"href":"https:\/\/www.hairstore.pl\/blog\/wp-json\/wp\/v2\/yst_prominent_words?post=4"}],"curies":[{"name":"wp","href":"https:\/\/api.w.org\/{rel}","templated":true}]}}