{"id":15460,"date":"2020-09-29T12:21:20","date_gmt":"2020-09-29T10:21:20","guid":{"rendered":"https:\/\/www.hairstore.pl\/blog\/?page_id=15460"},"modified":"2020-09-29T12:21:51","modified_gmt":"2020-09-29T10:21:51","slug":"dla-firm","status":"publish","type":"page","link":"https:\/\/www.hairstore.pl\/blog\/dla-firm\/","title":{"rendered":"Dla firm"},"content":{"rendered":"<p>Ka\u017cdego dnia nasz blog odwiedza wielu u\u017cytkownik\u00f3w, kt\u00f3rzy s\u0105 zainteresowani piel\u0119gnacj\u0105 i stylizacj\u0105 w\u0142os\u00f3w. Dbamy o zamieszczanie wysokiej jako\u015bci tre\u015bci adresowanych do kobiet i m\u0119\u017cczyzn, prowadzimy r\u00f3wnie\u017c osobn\u0105 sekcj\u0119 dla fryzjer\u00f3w. Zapraszamy firmy i marki do wsp\u00f3\u0142pracy.<\/p>\n<p><strong>Zapraszamy do kontaktu: blog@hairstore.pl<\/strong><\/p>\n<p><strong>Co oferujemy:<\/strong><\/p>\n<ul>\n<li>publikacje artyku\u0142\u00f3w sponsorowanych<\/li>\n<li>nasi copywriterzy mog\u0105 te\u017c napisa\u0107 artyku\u0142 dedykowany Twojej marce<\/li>\n<li>tworzymy specjalne sekcje po\u015bwi\u0119cone danej marce<\/li>\n<li>publikujemy reklamy na stronach portalu<\/li>\n<li>mo\u017cemy te\u017c zamie\u015bci\u0107 recenzje kosmetyk\u00f3w w specjalnej <a href=\"https:\/\/www.hairstore.pl\/blog\/category\/testy_produktow\/\">sekcji z testami produkt\u00f3w<\/a><\/li>\n<\/ul>\n<p>Nasz portal stale ro\u015bnie w si\u0142\u0119. Od samego pocz\u0105tku dbamy o <strong>jako\u015b\u0107 tre\u015bci<\/strong>. Naszymi odbiorcami s\u0105 przede wszystkim osoby zainteresowane piel\u0119gnacj\u0105 w\u0142os\u00f3w i \u015bwiadomym dbaniem o swoje kosmyki. Dbamy r\u00f3wnie\u017c o ciekawe tre\u015bci dla fryzjer\u00f3w\/barber\u00f3w oraz dla m\u0119\u017cczyzn.<\/p>\n<p>Pomo\u017cemy dotrze\u0107 Twojej marce do u\u017cytkownik\u00f3w, kt\u00f3rzy s\u0105 ni\u0105 zainteresowani, a nie do przypadkowych odbiorc\u00f3w. Zach\u0119camy do kontaktu &#8211; porozmawiajmy, opowiedz nam o potrzebach swojej marki, a stworzymy razem <strong>plan na skuteczny content<\/strong>.<\/p>\n","protected":false},"excerpt":{"rendered":"<p>Ka\u017cdego dnia nasz blog odwiedza wielu u\u017cytkownik\u00f3w, kt\u00f3rzy s\u0105 zainteresowani piel\u0119gnacj\u0105 i stylizacj\u0105 w\u0142os\u00f3w. Dbamy o zamieszczanie wysokiej jako\u015bci tre\u015bci adresowanych do kobiet i m\u0119\u017cczyzn, prowadzimy r\u00f3wnie\u017c osobn\u0105 sekcj\u0119 dla fryzjer\u00f3w. Zapraszamy firmy i marki do wsp\u00f3\u0142pracy. Zapraszamy do kontaktu: blog@hairstore.pl Co oferujemy: publikacje artyku\u0142\u00f3w sponsorowanych nasi copywriterzy mog\u0105 te\u017c napisa\u0107 artyku\u0142 dedykowany Twojej marce [&hellip;]<\/p>\n","protected":false},"author":8,"featured_media":0,"parent":0,"menu_order":0,"comment_status":"closed","ping_status":"closed","template":"page-contact.php","meta":{"footnotes":""},"yst_prominent_words":[5503,3540,2504,943,704],"class_list":["post-15460","page","type-page","status-publish","hentry"],"_links":{"self":[{"href":"https:\/\/www.hairstore.pl\/blog\/wp-json\/wp\/v2\/pages\/15460","targetHints":{"allow":["GET"]}}],"collection":[{"href":"https:\/\/www.hairstore.pl\/blog\/wp-json\/wp\/v2\/pages"}],"about":[{"href":"https:\/\/www.hairstore.pl\/blog\/wp-json\/wp\/v2\/types\/page"}],"author":[{"embeddable":true,"href":"https:\/\/www.hairstore.pl\/blog\/wp-json\/wp\/v2\/users\/8"}],"replies":[{"embeddable":true,"href":"https:\/\/www.hairstore.pl\/blog\/wp-json\/wp\/v2\/comments?post=15460"}],"version-history":[{"count":1,"href":"https:\/\/www.hairstore.pl\/blog\/wp-json\/wp\/v2\/pages\/15460\/revisions"}],"predecessor-version":[{"id":15461,"href":"https:\/\/www.hairstore.pl\/blog\/wp-json\/wp\/v2\/pages\/15460\/revisions\/15461"}],"wp:attachment":[{"href":"https:\/\/www.hairstore.pl\/blog\/wp-json\/wp\/v2\/media?parent=15460"}],"wp:term":[{"taxonomy":"yst_prominent_words","embeddable":true,"href":"https:\/\/www.hairstore.pl\/blog\/wp-json\/wp\/v2\/yst_prominent_words?post=15460"}],"curies":[{"name":"wp","href":"https:\/\/api.w.org\/{rel}","templated":true}]}}