{"id":15451,"date":"2020-09-28T16:57:37","date_gmt":"2020-09-28T14:57:37","guid":{"rendered":"https:\/\/www.hairstore.pl\/blog\/?page_id=15451"},"modified":"2026-03-24T13:49:04","modified_gmt":"2026-03-24T12:49:04","slug":"dla-blogerek","status":"publish","type":"page","link":"https:\/\/www.hairstore.pl\/blog\/dla-blogerek\/","title":{"rendered":"Dla blogerek"},"content":{"rendered":"<p>Prowadzisz blog w\u0142osowy, kosmetyczny albo lifestyle\u2019owy? Zosta\u0144 nasz\u0105 testerk\u0105! Ch\u0119tnie przygotujemy dla Ciebie paczk\u0119 z cudowno\u015bciami do w\u0142os\u00f3w. Twoim zadaniem b\u0119dzie przetestowanie kosmetyk\u00f3w, kt\u00f3re od nas dostaniesz i opublikowanie recenzji na swoim blogu.<\/p>\n<p>Je\u015bli jeste\u015b zainteresowana, napisz do nas na adres: <a href=\"mailto:blog@hairstore.pl\">blog@hairstore.pl<\/a>. W wiadomo\u015bci do\u0142\u0105cz namiary na sw\u00f3j blog.<\/p>\n<p>Prowadzisz te\u017c swoje kana\u0142y social media? \u015awietnie! Nie mamy nic przeciwko, \u017ceby\u015b o wsp\u00f3\u0142pracy z nami opowiedzia\u0142a r\u00f3wnie\u017c swoim obserwatorom.<\/p>\n<h2><strong>Co zyskujesz na wsp\u00f3\u0142pracy z nami:<\/strong><\/h2>\n<ul>\n<li>Dostaniesz od nas paczk\u0119 z kosmetykami do przetestowania.<\/li>\n<li>Mo\u017cemy te\u017c przygotowa\u0107 specjaln\u0105 ofert\u0119 dla Twoich obserwator\u00f3w.<\/li>\n<li>Kto wie, mo\u017ce to w\u0142a\u015bnie z Tob\u0105 podejmiemy sta\u0142\u0105 wsp\u00f3\u0142prac\u0119 &#x1f60a;<\/li>\n<li>A mo\u017ce chcia\u0142aby\u015b r\u00f3wnie\u017c publikowa\u0107 artyku\u0142y na naszym blogu? Szukamy w\u0142osomaniaczek ze smyka\u0142k\u0105 do pisania, kt\u00f3re chcia\u0142yby z nami tworzy\u0107 portal HAIRBLOG. Je\u015bli chcesz zosta\u0107 autork\u0105 go\u015bcinnego wpisu na naszym portalu, napisz na: <a href=\"mailto:blog@hairstore.pl\">blog@hairstore.pl<\/a><\/li>\n<\/ul>\n<p>Czekamy na Ciebie!<\/p>\n","protected":false},"excerpt":{"rendered":"<p>Prowadzisz blog w\u0142osowy, kosmetyczny albo lifestyle\u2019owy? Zosta\u0144 nasz\u0105 testerk\u0105! Ch\u0119tnie przygotujemy dla Ciebie paczk\u0119 z cudowno\u015bciami do w\u0142os\u00f3w. Twoim zadaniem b\u0119dzie przetestowanie kosmetyk\u00f3w, kt\u00f3re od nas dostaniesz i opublikowanie recenzji na swoim blogu. Je\u015bli jeste\u015b zainteresowana, napisz do nas na adres: blog@hairstore.pl. W wiadomo\u015bci do\u0142\u0105cz namiary na sw\u00f3j blog. Prowadzisz te\u017c swoje kana\u0142y social media? [&hellip;]<\/p>\n","protected":false},"author":9,"featured_media":0,"parent":0,"menu_order":0,"comment_status":"closed","ping_status":"closed","template":"page-contact.php","meta":{"footnotes":""},"yst_prominent_words":[3184],"class_list":["post-15451","page","type-page","status-publish","hentry"],"_links":{"self":[{"href":"https:\/\/www.hairstore.pl\/blog\/wp-json\/wp\/v2\/pages\/15451","targetHints":{"allow":["GET"]}}],"collection":[{"href":"https:\/\/www.hairstore.pl\/blog\/wp-json\/wp\/v2\/pages"}],"about":[{"href":"https:\/\/www.hairstore.pl\/blog\/wp-json\/wp\/v2\/types\/page"}],"author":[{"embeddable":true,"href":"https:\/\/www.hairstore.pl\/blog\/wp-json\/wp\/v2\/users\/9"}],"replies":[{"embeddable":true,"href":"https:\/\/www.hairstore.pl\/blog\/wp-json\/wp\/v2\/comments?post=15451"}],"version-history":[{"count":3,"href":"https:\/\/www.hairstore.pl\/blog\/wp-json\/wp\/v2\/pages\/15451\/revisions"}],"predecessor-version":[{"id":27041,"href":"https:\/\/www.hairstore.pl\/blog\/wp-json\/wp\/v2\/pages\/15451\/revisions\/27041"}],"wp:attachment":[{"href":"https:\/\/www.hairstore.pl\/blog\/wp-json\/wp\/v2\/media?parent=15451"}],"wp:term":[{"taxonomy":"yst_prominent_words","embeddable":true,"href":"https:\/\/www.hairstore.pl\/blog\/wp-json\/wp\/v2\/yst_prominent_words?post=15451"}],"curies":[{"name":"wp","href":"https:\/\/api.w.org\/{rel}","templated":true}]}}